{"id":51,"date":"2024-03-26T23:08:22","date_gmt":"2024-03-26T23:08:22","guid":{"rendered":"https:\/\/somaandsoultherapy.co.uk\/index.php\/home\/"},"modified":"2025-06-04T16:55:03","modified_gmt":"2025-06-04T16:55:03","slug":"home","status":"publish","type":"page","link":"https:\/\/somaandsoultherapy.co.uk\/","title":{"rendered":"Home"},"content":{"rendered":"\t\t<div data-elementor-type=\"wp-page\" data-elementor-id=\"51\" class=\"elementor elementor-51\">\n\t\t\t\t<div class=\"elementor-element elementor-element-1697ded0 e-con-full e-flex e-con e-parent\" data-id=\"1697ded0\" data-element_type=\"container\" data-e-type=\"container\">\n\t\t<div class=\"elementor-element elementor-element-5acba789 e-con-full e-flex e-con e-child\" data-id=\"5acba789\" data-element_type=\"container\" data-e-type=\"container\">\n\t\t<div class=\"elementor-element elementor-element-5b1700be e-con-full e-flex e-con e-child\" data-id=\"5b1700be\" data-element_type=\"container\" data-e-type=\"container\">\n\t\t\t\t<div class=\"elementor-element elementor-element-40c45974 elementor-widget elementor-widget-heading\" data-id=\"40c45974\" data-element_type=\"widget\" data-e-type=\"widget\" data-widget_type=\"heading.default\">\n\t\t\t\t<div class=\"elementor-widget-container\">\n\t\t\t\t\t<h1 class=\"elementor-heading-title elementor-size-default\">Counselling &amp; Somatic Therapy<\/h1>\t\t\t\t<\/div>\n\t\t\t\t<\/div>\n\t\t\t\t<div class=\"elementor-element elementor-element-1747235 elementor-widget__width-initial elementor-widget elementor-widget-text-editor\" data-id=\"1747235\" data-element_type=\"widget\" data-e-type=\"widget\" data-widget_type=\"text-editor.default\">\n\t\t\t\t<div class=\"elementor-widget-container\">\n\t\t\t\t\t\t\t\t\t<p>Glasgow<\/p>\t\t\t\t\t\t\t\t<\/div>\n\t\t\t\t<\/div>\n\t\t\t\t<\/div>\n\t\t\t\t<div class=\"elementor-element elementor-element-40fbea6f elementor-invisible elementor-widget elementor-widget-heading\" data-id=\"40fbea6f\" data-element_type=\"widget\" data-e-type=\"widget\" data-settings=\"{&quot;_animation&quot;:&quot;fadeInUp&quot;}\" data-widget_type=\"heading.default\">\n\t\t\t\t<div class=\"elementor-widget-container\">\n\t\t\t\t\t<span class=\"elementor-heading-title elementor-size-default\">soma &amp; soul<\/span>\t\t\t\t<\/div>\n\t\t\t\t<\/div>\n\t\t\t\t<\/div>\n\t\t<div class=\"elementor-element elementor-element-4fa65dce e-con-full e-flex e-con e-child\" data-id=\"4fa65dce\" data-element_type=\"container\" data-e-type=\"container\" data-settings=\"{&quot;background_background&quot;:&quot;classic&quot;}\">\n\t\t\t\t<\/div>\n\t\t\t\t<\/div>\n\t\t<div class=\"elementor-element elementor-element-6b21c9b7 e-flex e-con-boxed e-con e-parent\" data-id=\"6b21c9b7\" data-element_type=\"container\" data-e-type=\"container\">\n\t\t\t\t\t<div class=\"e-con-inner\">\n\t\t<div class=\"elementor-element elementor-element-2d2fd175 e-con-full e-flex e-con e-child\" data-id=\"2d2fd175\" data-element_type=\"container\" data-e-type=\"container\" data-settings=\"{&quot;background_background&quot;:&quot;classic&quot;}\">\n\t\t\t\t<\/div>\n\t\t<div class=\"elementor-element elementor-element-176f11e5 e-con-full e-flex e-con e-child\" data-id=\"176f11e5\" data-element_type=\"container\" data-e-type=\"container\">\n\t\t\t\t<div class=\"elementor-element elementor-element-67101fea elementor-widget elementor-widget-heading\" data-id=\"67101fea\" data-element_type=\"widget\" data-e-type=\"widget\" data-widget_type=\"heading.default\">\n\t\t\t\t<div class=\"elementor-widget-container\">\n\t\t\t\t\t<h2 class=\"elementor-heading-title elementor-size-default\">Dominique \u00dc\u00e7ba\u015f (she\/her)<\/h2>\t\t\t\t<\/div>\n\t\t\t\t<\/div>\n\t\t\t\t<div class=\"elementor-element elementor-element-c5e40fd elementor-widget elementor-widget-heading\" data-id=\"c5e40fd\" data-element_type=\"widget\" data-e-type=\"widget\" data-widget_type=\"heading.default\">\n\t\t\t\t<div class=\"elementor-widget-container\">\n\t\t\t\t\t<h2 class=\"elementor-heading-title elementor-size-default\">MSc, MBACP<\/h2>\t\t\t\t<\/div>\n\t\t\t\t<\/div>\n\t\t\t\t<div class=\"elementor-element elementor-element-cf3eefc elementor-widget elementor-widget-text-editor\" data-id=\"cf3eefc\" data-element_type=\"widget\" data-e-type=\"widget\" data-widget_type=\"text-editor.default\">\n\t\t\t\t<div class=\"elementor-widget-container\">\n\t\t\t\t\t\t\t\t\t<p>Hello. I am a trauma-informed counsellor\/psychotherapist and somatic therapist based in Glasgow.<\/p><p>I&#8217;m qualified in both <a href=\"https:\/\/somaandsoultherapy.co.uk\/index.php\/counselling\/\">person-centred counselling<\/a> and <a href=\"https:\/\/somaandsoultherapy.co.uk\/index.php\/somatic-therapy\/\">somatic trauma therapy<\/a>. These are offered individually or combined, depending on your preference.<\/p><p>Sessions are \u00a360 per hour and held either at my office in Glasgow city centre, or online via Zoom.<\/p><p>I work Monday-Thursday and offer day-time and evening sessions.<\/p><p>Get in touch for current availability or to arrange a free 15-minute consultation.<\/p>\t\t\t\t\t\t\t\t<\/div>\n\t\t\t\t<\/div>\n\t\t\t\t<div class=\"elementor-element elementor-element-438c5064 elementor-align-center elementor-invisible elementor-widget elementor-widget-button\" data-id=\"438c5064\" data-element_type=\"widget\" data-e-type=\"widget\" data-settings=\"{&quot;_animation&quot;:&quot;fadeInDown&quot;}\" data-widget_type=\"button.default\">\n\t\t\t\t<div class=\"elementor-widget-container\">\n\t\t\t\t\t\t\t\t\t<div class=\"elementor-button-wrapper\">\n\t\t\t\t\t<a class=\"elementor-button elementor-button-link elementor-size-sm\" href=\"https:\/\/somaandsoultherapy.co.uk\/index.php\/contact\/\">\n\t\t\t\t\t\t<span class=\"elementor-button-content-wrapper\">\n\t\t\t\t\t\t\t\t\t<span class=\"elementor-button-text\">Contact<\/span>\n\t\t\t\t\t<\/span>\n\t\t\t\t\t<\/a>\n\t\t\t\t<\/div>\n\t\t\t\t\t\t\t\t<\/div>\n\t\t\t\t<\/div>\n\t\t\t\t<\/div>\n\t\t\t\t\t<\/div>\n\t\t\t\t<\/div>\n\t\t<div class=\"elementor-element elementor-element-b96b307 e-flex e-con-boxed e-con e-parent\" data-id=\"b96b307\" data-element_type=\"container\" data-e-type=\"container\">\n\t\t\t\t\t<div class=\"e-con-inner\">\n\t\t<div class=\"elementor-element elementor-element-221af74 e-flex e-con-boxed e-con e-child\" data-id=\"221af74\" data-element_type=\"container\" data-e-type=\"container\">\n\t\t\t\t\t<div class=\"e-con-inner\">\n\t\t\t\t\t<\/div>\n\t\t\t\t<\/div>\n\t\t\t\t\t<\/div>\n\t\t\t\t<\/div>\n\t\t\t\t<\/div>\n\t\t","protected":false},"excerpt":{"rendered":"<p>Counselling &amp; Somatic Therapy Glasgow soma &#038; soul Dominique \u00dc\u00e7ba\u015f (she\/her) MSc, MBACP Hello. I am a trauma-informed counsellor\/psychotherapist and somatic therapist based in Glasgow. I&#8217;m qualified in both person-centred counselling and somatic trauma therapy. These are offered individually or combined, depending on your preference. Sessions are \u00a360 per hour and held either at my [&hellip;]<\/p>\n","protected":false},"author":1,"featured_media":0,"parent":0,"menu_order":0,"comment_status":"closed","ping_status":"closed","template":"elementor_header_footer","meta":{"footnotes":""},"class_list":["post-51","page","type-page","status-publish","hentry"],"yoast_head":"<!-- This site is optimized with the Yoast SEO plugin v27.3 - https:\/\/yoast.com\/product\/yoast-seo-wordpress\/ -->\n<title>Home - Soma and Soul<\/title>\n<meta name=\"description\" content=\"Glasgow based counsellor and somatic therapist. Person-centred counselling and somatic therapy. Glasgow city centre and online.\" \/>\n<meta name=\"robots\" content=\"index, follow, max-snippet:-1, max-image-preview:large, max-video-preview:-1\" \/>\n<link rel=\"canonical\" href=\"https:\/\/somaandsoultherapy.co.uk\/\" \/>\n<meta property=\"og:locale\" content=\"en_US\" \/>\n<meta property=\"og:type\" content=\"article\" \/>\n<meta property=\"og:title\" content=\"Home - Soma and Soul\" \/>\n<meta property=\"og:description\" content=\"Glasgow based counsellor and somatic therapist. Person-centred counselling and somatic therapy. Glasgow city centre and online.\" \/>\n<meta property=\"og:url\" content=\"https:\/\/somaandsoultherapy.co.uk\/\" \/>\n<meta property=\"og:site_name\" content=\"Soma and Soul\" \/>\n<meta property=\"article:modified_time\" content=\"2025-06-04T16:55:03+00:00\" \/>\n<meta name=\"twitter:card\" content=\"summary_large_image\" \/>\n<meta name=\"twitter:label1\" content=\"Est. reading time\" \/>\n\t<meta name=\"twitter:data1\" content=\"1 minute\" \/>\n<script type=\"application\/ld+json\" class=\"yoast-schema-graph\">{\"@context\":\"https:\\\/\\\/schema.org\",\"@graph\":[{\"@type\":\"WebPage\",\"@id\":\"https:\\\/\\\/somaandsoultherapy.co.uk\\\/\",\"url\":\"https:\\\/\\\/somaandsoultherapy.co.uk\\\/\",\"name\":\"Home - Soma and Soul\",\"isPartOf\":{\"@id\":\"https:\\\/\\\/somaandsoultherapy.co.uk\\\/#website\"},\"datePublished\":\"2024-03-26T23:08:22+00:00\",\"dateModified\":\"2025-06-04T16:55:03+00:00\",\"description\":\"Glasgow based counsellor and somatic therapist. Person-centred counselling and somatic therapy. Glasgow city centre and online.\",\"breadcrumb\":{\"@id\":\"https:\\\/\\\/somaandsoultherapy.co.uk\\\/#breadcrumb\"},\"inLanguage\":\"en-US\",\"potentialAction\":[{\"@type\":\"ReadAction\",\"target\":[\"https:\\\/\\\/somaandsoultherapy.co.uk\\\/\"]}]},{\"@type\":\"BreadcrumbList\",\"@id\":\"https:\\\/\\\/somaandsoultherapy.co.uk\\\/#breadcrumb\",\"itemListElement\":[{\"@type\":\"ListItem\",\"position\":1,\"name\":\"Home\",\"item\":\"https:\\\/\\\/somaandsoultherapy.co.uk\\\/\"},{\"@type\":\"ListItem\",\"position\":2,\"name\":\"Home\"}]},{\"@type\":\"WebSite\",\"@id\":\"https:\\\/\\\/somaandsoultherapy.co.uk\\\/#website\",\"url\":\"https:\\\/\\\/somaandsoultherapy.co.uk\\\/\",\"name\":\"Soma and Soul\",\"description\":\"Counselling &amp; Somatic Therapy\",\"publisher\":{\"@id\":\"https:\\\/\\\/somaandsoultherapy.co.uk\\\/#\\\/schema\\\/person\\\/93fd73c544fabb4b4082973aecc72b4b\"},\"potentialAction\":[{\"@type\":\"SearchAction\",\"target\":{\"@type\":\"EntryPoint\",\"urlTemplate\":\"https:\\\/\\\/somaandsoultherapy.co.uk\\\/?s={search_term_string}\"},\"query-input\":{\"@type\":\"PropertyValueSpecification\",\"valueRequired\":true,\"valueName\":\"search_term_string\"}}],\"inLanguage\":\"en-US\"},{\"@type\":[\"Person\",\"Organization\"],\"@id\":\"https:\\\/\\\/somaandsoultherapy.co.uk\\\/#\\\/schema\\\/person\\\/93fd73c544fabb4b4082973aecc72b4b\",\"name\":\"Dominique\",\"image\":{\"@type\":\"ImageObject\",\"inLanguage\":\"en-US\",\"@id\":\"https:\\\/\\\/somaandsoultherapy.co.uk\\\/wp-content\\\/uploads\\\/2024\\\/03\\\/Elegant-Circle-Signature-Photography-Logo-2.png\",\"url\":\"https:\\\/\\\/somaandsoultherapy.co.uk\\\/wp-content\\\/uploads\\\/2024\\\/03\\\/Elegant-Circle-Signature-Photography-Logo-2.png\",\"contentUrl\":\"https:\\\/\\\/somaandsoultherapy.co.uk\\\/wp-content\\\/uploads\\\/2024\\\/03\\\/Elegant-Circle-Signature-Photography-Logo-2.png\",\"width\":250,\"height\":250,\"caption\":\"Dominique\"},\"logo\":{\"@id\":\"https:\\\/\\\/somaandsoultherapy.co.uk\\\/wp-content\\\/uploads\\\/2024\\\/03\\\/Elegant-Circle-Signature-Photography-Logo-2.png\"},\"sameAs\":[\"https:\\\/\\\/somaandsoultherapy.co.uk\"]}]}<\/script>\n<!-- \/ Yoast SEO plugin. -->","yoast_head_json":{"title":"Home - Soma and Soul","description":"Glasgow based counsellor and somatic therapist. Person-centred counselling and somatic therapy. Glasgow city centre and online.","robots":{"index":"index","follow":"follow","max-snippet":"max-snippet:-1","max-image-preview":"max-image-preview:large","max-video-preview":"max-video-preview:-1"},"canonical":"https:\/\/somaandsoultherapy.co.uk\/","og_locale":"en_US","og_type":"article","og_title":"Home - Soma and Soul","og_description":"Glasgow based counsellor and somatic therapist. Person-centred counselling and somatic therapy. Glasgow city centre and online.","og_url":"https:\/\/somaandsoultherapy.co.uk\/","og_site_name":"Soma and Soul","article_modified_time":"2025-06-04T16:55:03+00:00","twitter_card":"summary_large_image","twitter_misc":{"Est. reading time":"1 minute"},"schema":{"@context":"https:\/\/schema.org","@graph":[{"@type":"WebPage","@id":"https:\/\/somaandsoultherapy.co.uk\/","url":"https:\/\/somaandsoultherapy.co.uk\/","name":"Home - Soma and Soul","isPartOf":{"@id":"https:\/\/somaandsoultherapy.co.uk\/#website"},"datePublished":"2024-03-26T23:08:22+00:00","dateModified":"2025-06-04T16:55:03+00:00","description":"Glasgow based counsellor and somatic therapist. Person-centred counselling and somatic therapy. Glasgow city centre and online.","breadcrumb":{"@id":"https:\/\/somaandsoultherapy.co.uk\/#breadcrumb"},"inLanguage":"en-US","potentialAction":[{"@type":"ReadAction","target":["https:\/\/somaandsoultherapy.co.uk\/"]}]},{"@type":"BreadcrumbList","@id":"https:\/\/somaandsoultherapy.co.uk\/#breadcrumb","itemListElement":[{"@type":"ListItem","position":1,"name":"Home","item":"https:\/\/somaandsoultherapy.co.uk\/"},{"@type":"ListItem","position":2,"name":"Home"}]},{"@type":"WebSite","@id":"https:\/\/somaandsoultherapy.co.uk\/#website","url":"https:\/\/somaandsoultherapy.co.uk\/","name":"Soma and Soul","description":"Counselling &amp; Somatic Therapy","publisher":{"@id":"https:\/\/somaandsoultherapy.co.uk\/#\/schema\/person\/93fd73c544fabb4b4082973aecc72b4b"},"potentialAction":[{"@type":"SearchAction","target":{"@type":"EntryPoint","urlTemplate":"https:\/\/somaandsoultherapy.co.uk\/?s={search_term_string}"},"query-input":{"@type":"PropertyValueSpecification","valueRequired":true,"valueName":"search_term_string"}}],"inLanguage":"en-US"},{"@type":["Person","Organization"],"@id":"https:\/\/somaandsoultherapy.co.uk\/#\/schema\/person\/93fd73c544fabb4b4082973aecc72b4b","name":"Dominique","image":{"@type":"ImageObject","inLanguage":"en-US","@id":"https:\/\/somaandsoultherapy.co.uk\/wp-content\/uploads\/2024\/03\/Elegant-Circle-Signature-Photography-Logo-2.png","url":"https:\/\/somaandsoultherapy.co.uk\/wp-content\/uploads\/2024\/03\/Elegant-Circle-Signature-Photography-Logo-2.png","contentUrl":"https:\/\/somaandsoultherapy.co.uk\/wp-content\/uploads\/2024\/03\/Elegant-Circle-Signature-Photography-Logo-2.png","width":250,"height":250,"caption":"Dominique"},"logo":{"@id":"https:\/\/somaandsoultherapy.co.uk\/wp-content\/uploads\/2024\/03\/Elegant-Circle-Signature-Photography-Logo-2.png"},"sameAs":["https:\/\/somaandsoultherapy.co.uk"]}]}},"_links":{"self":[{"href":"https:\/\/somaandsoultherapy.co.uk\/index.php\/wp-json\/wp\/v2\/pages\/51","targetHints":{"allow":["GET"]}}],"collection":[{"href":"https:\/\/somaandsoultherapy.co.uk\/index.php\/wp-json\/wp\/v2\/pages"}],"about":[{"href":"https:\/\/somaandsoultherapy.co.uk\/index.php\/wp-json\/wp\/v2\/types\/page"}],"author":[{"embeddable":true,"href":"https:\/\/somaandsoultherapy.co.uk\/index.php\/wp-json\/wp\/v2\/users\/1"}],"replies":[{"embeddable":true,"href":"https:\/\/somaandsoultherapy.co.uk\/index.php\/wp-json\/wp\/v2\/comments?post=51"}],"version-history":[{"count":163,"href":"https:\/\/somaandsoultherapy.co.uk\/index.php\/wp-json\/wp\/v2\/pages\/51\/revisions"}],"predecessor-version":[{"id":1047,"href":"https:\/\/somaandsoultherapy.co.uk\/index.php\/wp-json\/wp\/v2\/pages\/51\/revisions\/1047"}],"wp:attachment":[{"href":"https:\/\/somaandsoultherapy.co.uk\/index.php\/wp-json\/wp\/v2\/media?parent=51"}],"curies":[{"name":"wp","href":"https:\/\/api.w.org\/{rel}","templated":true}]}}